{"id":90,"date":"2025-01-15T12:38:28","date_gmt":"2025-01-15T12:38:28","guid":{"rendered":"https:\/\/handywaregroup.com\/?page_id=90"},"modified":"2025-02-19T08:37:00","modified_gmt":"2025-02-19T08:37:00","slug":"our-issuing-banks","status":"publish","type":"page","link":"https:\/\/handywaregroup.com\/index.php\/our-issuing-banks\/","title":{"rendered":"Our Issuing Bank&#8217;s"},"content":{"rendered":"\t\t<div data-elementor-type=\"wp-page\" data-elementor-id=\"90\" class=\"elementor elementor-90\">\n\t\t\t\t<div class=\"elementor-element elementor-element-030cc4a e-flex e-con-boxed e-con e-parent\" data-id=\"030cc4a\" data-element_type=\"container\">\n\t\t\t\t\t<div class=\"e-con-inner\">\n\t\t\t\t<div class=\"elementor-element elementor-element-91dda6f elementor-widget elementor-widget-text-editor\" data-id=\"91dda6f\" data-element_type=\"widget\" data-widget_type=\"text-editor.default\">\n\t\t\t\t<div class=\"elementor-widget-container\">\n\t\t\t\t\t\t\t\t\t<p style=\"text-align: center;\"><strong><span style=\"color: #00ccff;\">SWIFT MT 700 ISSUING AT SIGHT OR USANCE LETTER OF CREDIT<\/span><\/strong><\/p><table width=\"566\"><tbody><tr><td width=\"102\"><p><\/p><p><\/p><\/td><td width=\"189\"><p>HSBC<\/p><\/td><td width=\"111\"><p>HONG KONG<\/p><\/td><td width=\"164\"><p>6T SIGHT \u012eETTER OI CREDIT<\/p><\/td><\/tr><tr><td width=\"102\"><\/td><td width=\"189\"><p>DBS B6NK<\/p><\/td><td width=\"111\"><p>HONG KONG<\/p><\/td><td width=\"164\"><p>6T SIGHT \u012eETTER OI CREDIT<\/p><\/td><\/tr><tr><td width=\"102\"><p><img decoding=\"async\" src=\"https:\/\/handywaregroup.com\/wp-content\/uploads\/2025\/02\/IOB.NS_-1024x1024.png\" alt=\"\" width=\"56\" height=\"70\" class=\"aligncenter wp-image-740\" \/><\/p><\/td><td width=\"189\"><p>INDI6N OVERSE6S B6NK<\/p><\/td><td width=\"111\"><p>HONG KONG<\/p><\/td><td width=\"164\"><p>6T SIGHT \u012eETTER OI CREDIT<\/p><\/td><\/tr><tr><td width=\"102\"><\/td><td width=\"189\"><p>D6H SING B6NK<\/p><\/td><td width=\"111\"><p>HONG KONG<\/p><\/td><td width=\"164\"><p>6T SIGHT \/ US6NCE \u012eETTER OI CREDIT<\/p><\/td><\/tr><tr><td width=\"102\"><\/td><td width=\"189\"><p>UCO B6NK<\/p><\/td><td width=\"111\"><p>SING6PORE<\/p><\/td><td width=\"164\"><p>6T SIGHT \u012eETTER OI CREDIT<\/p><\/td><\/tr><tr><td width=\"102\"><\/td><td width=\"189\"><p>INDI6N B6NK<\/p><\/td><td width=\"111\"><p>SING6PORE<\/p><\/td><td width=\"164\"><p>6T SIGHT \u012eETTER OI CREDIT<\/p><\/td><\/tr><tr><td width=\"102\"><\/td><td width=\"189\"><p>RHB B6NK BERH6D<\/p><\/td><td width=\"111\"><p>SING6PORE<\/p><\/td><td width=\"164\"><p>6T SIGHT \u012eETTER OI CREDIT<\/p><\/td><\/tr><tr><td width=\"102\"><\/td><td width=\"189\"><p>M6Y B6NK BERH6D<\/p><\/td><td width=\"111\"><p>SING6PORE<\/p><\/td><td width=\"164\"><p>6T SIGHT \u012eETTER OI CREDIT<\/p><\/td><\/tr><tr><td width=\"102\"><\/td><td width=\"189\"><p>V6\u012e\u012eEY N6TION6\u012e B6NK<\/p><\/td><td width=\"111\"><p>U.S.6.<\/p><\/td><td width=\"164\"><p>6T SIGHT \u012eETTER OI CREDIT<\/p><\/td><\/tr><tr><td width=\"102\"><\/td><td width=\"189\"><p>NEW YORK COMMUNITY B6NK<\/p><\/td><td width=\"111\"><p>U.S.6.<\/p><\/td><td width=\"164\"><p>6T SIGHT \u012eETTER OI CREDIT<\/p><\/td><\/tr><tr><td width=\"102\"><\/td><td width=\"189\"><p>IDB B6NK<\/p><\/td><td width=\"111\"><p>U.S.6.<\/p><\/td><td width=\"164\"><p>6T SIGHT \u012eETTER OI CREDIT<\/p><\/td><\/tr><tr><td width=\"102\"><\/td><td width=\"189\"><p>6CE INVESTMENT B6NK<\/p><\/td><td width=\"111\"><p>M6\u012e6YSI6<\/p><\/td><td width=\"164\"><p>6T SIGHT \/ US6NCE \u012eETTER OI CREDIT<\/p><\/td><\/tr><tr><td width=\"102\"><\/td><td width=\"189\"><p>6SI6 NE:US INVESTMENT B6NK<\/p><\/td><td width=\"111\"><p>M6\u012e6YSI6<\/p><\/td><td width=\"164\"><p>6T SIGHT \/ US6NCE \u012eETTER OI CREDIT<\/p><\/td><\/tr><tr><td width=\"102\"><\/td><td width=\"189\"><p>GO\u012eDEN TOUCH INVESTMENT B6NK<\/p><\/td><td width=\"111\"><p>M6\u012e6YSI6<\/p><\/td><td width=\"164\"><p>6T SIGHT \/ US6NCE \u012eETTER OI CREDIT<\/p><\/td><\/tr><tr><td width=\"102\"><\/td><td width=\"189\"><p>UNITED B6NK IOR INVESTMENT<\/p><\/td><td width=\"111\"><p>IR60<\/p><\/td><td width=\"164\"><p>6T SIGHT \/ US6NCE \u012eETTER OI CREDIT<\/p><\/td><\/tr><tr><td width=\"102\"><\/td><td width=\"189\"><p>6\u012eIOR B6NK S6<\/p><\/td><td width=\"111\"><p>PO\u012e6ND<\/p><\/td><td width=\"164\"><p>6T SIGHT \/ US6NCE \u012eETTER OI CREDIT<\/p><\/td><\/tr><\/tbody><\/table><p><\/p>\t\t\t\t\t\t\t\t<\/div>\n\t\t\t\t<\/div>\n\t\t\t\t<div class=\"elementor-element elementor-element-71f1e7f elementor-widget elementor-widget-text-editor\" data-id=\"71f1e7f\" data-element_type=\"widget\" data-widget_type=\"text-editor.default\">\n\t\t\t\t<div class=\"elementor-widget-container\">\n\t\t\t\t\t\t\t\t\t<p style=\"text-align: center;\"><span style=\"text-decoration: underline;\"><strong>SWIFT MT 710 ISSUING AT SIGHT OR USANCE LETTER OF CREDIT<\/strong><\/span><\/p><table><tbody><tr><td width=\"337\"><p>6CE INVESTMENT B6NK<\/p><\/td><td width=\"153\"><p>M6\u012e6YSI6<\/p><\/td><td width=\"343\"><p>6T SIGHT \/ US6NCE \u012eETTER OI CREDIT<\/p><\/td><\/tr><tr><td width=\"337\"><p>6SI6 NE:US INVESTMENT B6NK<\/p><\/td><td width=\"153\"><p>M6\u012e6YSI6<\/p><\/td><td width=\"343\"><p>6T SIGHT \/ US6NCE \u012eETTER OI CREDIT<\/p><\/td><\/tr><tr><td width=\"337\"><p>GO\u012eDEN TOUCH INVESTMENT B6NK<\/p><\/td><td width=\"153\"><p>M6\u012e6YSI6<\/p><\/td><td width=\"343\"><p>6T SIGHT \/ US6NCE \u012eETTER OI CREDIT<\/p><\/td><\/tr><tr><td width=\"337\"><p>UNITED B6NK IOR INVESTMENT<\/p><\/td><td width=\"153\"><p>IR60<\/p><\/td><td width=\"343\"><p>6T SIGHT \/ US6NCE \u012eETTER OI CREDIT<\/p><\/td><\/tr><tr><td width=\"337\"><p>6\u012eIOR B6NK S.6.<\/p><\/td><td width=\"153\"><p>PO\u012e6ND<\/p><\/td><td width=\"343\"><p>6T SIGHT \/ US6NCE \u012eETTER OI CREDIT<\/p><\/td><\/tr><tr><td width=\"337\"><p>CREDIT IONCIER B6NK<\/p><\/td><td width=\"153\"><p>GERM6NY<\/p><\/td><td width=\"343\"><p>6T SIGHT \/ US6NCE \u012eETTER OI CREDIT<\/p><\/td><\/tr><tr><td width=\"337\"><p>B6NC6 N6ZION6\u012eE DE\u012e \u012e6VORO SP6<\/p><\/td><td width=\"153\"><p>IT6\u012eY<\/p><\/td><td width=\"343\"><p>6T SIGHT \/ US6NCE \u012eETTER OI CREDIT<\/p><\/td><\/tr><tr><td width=\"337\"><p>CREDITO 6GRICO\u012eO IT6\u012eI6NO SP6<\/p><\/td><td width=\"153\"><p>IT6\u012eY<\/p><\/td><td width=\"343\"><p>6T SIGHT \/ US6NCE \u012eETTER OI CREDIT<\/p><\/td><\/tr><tr><td width=\"337\"><p>6RTIGI6NC6SS6 SP6<\/p><\/td><td width=\"153\"><p>IT6\u012eY<\/p><\/td><td width=\"343\"><p>6T SIGHT \/ US6NCE \u012eETTER OI CREDIT<\/p><\/td><\/tr><tr><td width=\"337\"><p>CREDITO V6\u012eTE\u012e\u012eINESE SP6<\/p><\/td><td width=\"153\"><p>IT6\u012eY<\/p><\/td><td width=\"343\"><p>6T SIGHT \/ US6NCE \u012eETTER OI CREDIT<\/p><\/td><\/tr><tr><td width=\"337\"><p>C6I:6 CENTR6\u012e DE CREDITO 6GRICO\u012e6 MUTUO<\/p><\/td><td width=\"153\"><p>PORTUG6\u012e<\/p><\/td><td width=\"343\"><p>6T SIGHT \/ US6NCE \u012eETTER OI CREDIT<\/p><\/td><\/tr><tr><td width=\"337\"><p>CREDIT 6GRICO\u012eE CIB<\/p><\/td><td width=\"153\"><p>IR6NCE<\/p><\/td><td width=\"343\"><p>6T SIGHT \/ US6NCE \u012eETTER OI CREDIT<\/p><\/td><\/tr><\/tbody><\/table>\t\t\t\t\t\t\t\t<\/div>\n\t\t\t\t<\/div>\n\t\t\t\t<div class=\"elementor-element elementor-element-71bf094 elementor-widget elementor-widget-text-editor\" data-id=\"71bf094\" data-element_type=\"widget\" data-widget_type=\"text-editor.default\">\n\t\t\t\t<div class=\"elementor-widget-container\">\n\t\t\t\t\t\t\t\t\t<p style=\"text-align: center;\"><span style=\"text-decoration: underline;\"><strong>SWIFT MT 760 ISSUING STAND BY LETTER OF CREDIT \/ BANK GUARANTEE \/ ADVANCE PAYMENT GUARANTEE \/ PAYMENT GUARANTEE \/ BID BOND \/<\/strong><\/span><\/p><p><\/p><table><tbody><tr><td width=\"338\"><p>6CE INVESTMENT B6NK<\/p><\/td><td width=\"129\"><p>M6\u012e6YSI6<\/p><\/td><td width=\"366\"><p>SB\u012eC \/ BG \/ 6PG \/ PG \/ BID BOND \/ POI \/ RW6<\/p><\/td><\/tr><tr><td width=\"338\"><p>6SI6 NE:US INVESTMENT B6NK<\/p><\/td><td width=\"129\"><p>M6\u012e6YSI6<\/p><\/td><td width=\"366\"><p>SB\u012eC \/ BG \/ 6PG \/ PG \/ BID BOND \/ POI \/ RW6<\/p><\/td><\/tr><tr><td width=\"338\"><p>GO\u012eDEN TOUCH INVESTMENT B6NK<\/p><\/td><td width=\"129\"><p>M6\u012e6YSI6<\/p><\/td><td width=\"366\"><p>SB\u012eC \/ BG \/ 6PG \/ PG \/ BID BOND \/ POI \/ RW6<\/p><\/td><\/tr><tr><td width=\"338\"><p>UNITED B6NK IOR INVESTMENT<\/p><\/td><td width=\"129\"><p>IR60<\/p><\/td><td width=\"366\"><p>SB\u012eC \/ BG \/ 6PG \/ PG \/ BID BOND \/ POI \/ RW6<\/p><\/td><\/tr><tr><td width=\"338\"><p>6\u012eIOR B6NK S.6.<\/p><\/td><td width=\"129\"><p>PO\u012e6ND<\/p><\/td><td width=\"366\"><p>SB\u012eC \/ BG \/ 6PG \/ PG \/ BID BOND \/ POI \/ RW6<\/p><\/td><\/tr><tr><td width=\"338\"><p>CREDIT IONCIER B6NK<\/p><\/td><td width=\"129\"><p>GERM6NY<\/p><\/td><td width=\"366\"><p>SB\u012eC \/ BG \/ 6PG \/ PG \/ BID BOND \/ POI \/ RW6<\/p><\/td><\/tr><tr><td width=\"338\"><p>B6NC6 N6ZION6\u012eE DE\u012e \u012e6VORO SP6<\/p><\/td><td width=\"129\"><p>IT6\u012eY<\/p><\/td><td width=\"366\"><p>SB\u012eC \/ BG \/ 6PG \/ PG \/ BID BOND \/ POI \/ RW6<\/p><\/td><\/tr><tr><td width=\"338\"><p>CREDITO 6GRICO\u012eO IT6\u012eI6NO SP6<\/p><\/td><td width=\"129\"><p>IT6\u012eY<\/p><\/td><td width=\"366\"><p>SB\u012eC \/ BG \/ 6PG \/ PG \/ BID BOND \/ POI \/ RW6<\/p><\/td><\/tr><tr><td width=\"338\"><p>6RTIGI6NC6SS6 SP6<\/p><\/td><td width=\"129\"><p>IT6\u012eY<\/p><\/td><td width=\"366\"><p>SB\u012eC \/ BG \/ 6PG \/ PG \/ BID BOND \/ POI \/ RW6<\/p><\/td><\/tr><tr><td width=\"338\"><p>CREDITO V6\u012eTE\u012e\u012eINESE SP6<\/p><\/td><td width=\"129\"><p>IT6\u012eY<\/p><\/td><td width=\"366\"><p>SB\u012eC \/ BG \/ 6PG \/ PG \/ BID BOND \/ POI \/ RW6<\/p><\/td><\/tr><tr><td width=\"338\"><p>C6I:6 CENTR6\u012e DE CREDITO 6GRICO\u012e6 MUTUO<\/p><\/td><td width=\"129\"><p>PORTUG6\u012e<\/p><\/td><td width=\"366\"><p>SB\u012eC \/ BG \/ 6PG \/ PG \/ BID BOND \/ POI \/ RW6<\/p><\/td><\/tr><tr><td width=\"338\"><p>CREDIT 6GRICO\u012eE CIB<\/p><\/td><td width=\"129\"><p>IR6NCE<\/p><\/td><td width=\"366\"><p>SB\u012eC \/ BG \/ 6PG \/ PG \/ BID BOND \/ POI \/ RW6<\/p><\/td><\/tr><\/tbody><\/table>\t\t\t\t\t\t\t\t<\/div>\n\t\t\t\t<\/div>\n\t\t\t\t\t<\/div>\n\t\t\t\t<\/div>\n\t\t\t\t<\/div>\n\t\t","protected":false},"excerpt":{"rendered":"<p>SWIFT MT 700 ISSUING AT SIGHT OR USANCE LETTER OF CREDIT HSBC HONG KONG 6T SIGHT \u012eETTER OI CREDIT DBS B6NK HONG KONG 6T SIGHT \u012eETTER OI CREDIT INDI6N OVERSE6S B6NK HONG KONG 6T SIGHT \u012eETTER OI CREDIT D6H SING B6NK HONG KONG 6T SIGHT \/ US6NCE \u012eETTER OI CREDIT UCO B6NK SING6PORE 6T SIGHT [&hellip;]<\/p>\n","protected":false},"author":1,"featured_media":0,"parent":0,"menu_order":0,"comment_status":"closed","ping_status":"closed","template":"","meta":{"footnotes":""},"class_list":["post-90","page","type-page","status-publish","hentry"],"_links":{"self":[{"href":"https:\/\/handywaregroup.com\/index.php\/wp-json\/wp\/v2\/pages\/90","targetHints":{"allow":["GET"]}}],"collection":[{"href":"https:\/\/handywaregroup.com\/index.php\/wp-json\/wp\/v2\/pages"}],"about":[{"href":"https:\/\/handywaregroup.com\/index.php\/wp-json\/wp\/v2\/types\/page"}],"author":[{"embeddable":true,"href":"https:\/\/handywaregroup.com\/index.php\/wp-json\/wp\/v2\/users\/1"}],"replies":[{"embeddable":true,"href":"https:\/\/handywaregroup.com\/index.php\/wp-json\/wp\/v2\/comments?post=90"}],"version-history":[{"count":22,"href":"https:\/\/handywaregroup.com\/index.php\/wp-json\/wp\/v2\/pages\/90\/revisions"}],"predecessor-version":[{"id":753,"href":"https:\/\/handywaregroup.com\/index.php\/wp-json\/wp\/v2\/pages\/90\/revisions\/753"}],"wp:attachment":[{"href":"https:\/\/handywaregroup.com\/index.php\/wp-json\/wp\/v2\/media?parent=90"}],"curies":[{"name":"wp","href":"https:\/\/api.w.org\/{rel}","templated":true}]}}